{"id":2593,"date":"2020-02-21T14:27:43","date_gmt":"2020-02-21T14:27:43","guid":{"rendered":"http:\/\/stepsahead.com.ar\/wp\/?page_id=2593"},"modified":"2025-02-24T19:16:36","modified_gmt":"2025-02-24T19:16:36","slug":"estudio","status":"publish","type":"page","link":"http:\/\/stepsahead.com.ar\/wp\/?page_id=2593","title":{"rendered":"Estudio"},"content":{"rendered":"<p>[vc_row full_width=&#8221;stretch_row_content_no_spaces&#8221; overlay_dotted=&#8221;&#8221;][vc_column][vc_single_image image=&#8221;3367&#8243; img_size=&#8221;full&#8221;][\/vc_column][\/vc_row][vc_row][vc_column width=&#8221;2\/3&#8243;][vc_column_text]<\/p>\n<h1>Estudio<\/h1>\n<p>El estudio de mastering de<span style=\"color: #436eb3;\">\u00a0Steps Ahead Sound<\/span>\u00a0ha sido dise\u00f1ado como un referente en materia de sonido y le ofrece el ambiente ac\u00fastico m\u00e1s puro posible.<span style=\"color: #436eb3;\">\u00a0Aqu\u00ed escuchar\u00e1 su m\u00fasica como nunca antes la hab\u00eda escuchado<\/span>. Nuestro sistema de monitoreo de alta resoluci\u00f3n utiliza el mejor equipamiento en plaza: los monitores Lipinski L-707 &amp; L-50, cableados con Silver Cable y ajustados con subwoofer Genelec 7070 para lograr una respuesta plana desde 19 Hz.<br \/>\nNuestros controles de monitoreo Audient Oria Immersive y Dangerous (dise\u00f1ado por Chris Muth &#8211; Sterling Sound Mastering y customizado con DAC de Troisi Designs) permiten escuchar se\u00f1ales anal\u00f3gicas y digitales en todo su potencial. La performance de nuestras DAWs ha sido cuidadosamente ajustada para lograr una resoluci\u00f3n similar a nuestro transporte de referencia. <span style=\"color: #436eb3;\">Esto posibilita una verdadera comparaci\u00f3n de sus masters con otras referencias.<\/span><br \/>\nLa iluminaci\u00f3n natural ha sido dise\u00f1ada para crear un\u00a0<span style=\"color: #436eb3;\">ambiente de trabajo confortable y una atm\u00f3sfera \u00edntima<\/span>. El estudio alberga c\u00f3modamente a nuestros visitantes, quienes pueden relajarse en el sof\u00e1 o disfrutar de un caf\u00e9 reci\u00e9n molido en la paz de nuestro jard\u00edn, un recreo refrescante entre largas sesiones.[\/vc_column_text][\/vc_column][vc_column width=&#8221;1\/3&#8243;][vc_single_image image=&#8221;2583&#8243; img_size=&#8221;full&#8221;][\/vc_column][\/vc_row][vc_row][vc_column width=&#8221;5\/6&#8243;][vc_column_text]<\/p>\n<h2><a href=\"http:\/\/stepsahead.com.ar\/wp\/?page_id=3605&amp;lang=en\">Equipamiento<\/a><\/h2>\n<p>Si bien pensamos que las t\u00e9cnicas utilizadas son mucho m\u00e1s importantes que el equipamiento en cualquier producci\u00f3n de audio,<span style=\"color: #436eb3;\"> el mastering lo requiere muy especialmente para asegurar la calidad de procesamiento. <\/span><br \/>\nEn Steps Ahead Sound, cada dispositivo de nuestro delicado equipamiento de mastering, ha sido elegido para lograr el mejor producto posible. Utilizamos tecnolog\u00eda de primera calidad:<br \/>\nEl flujo de procesamiento comienza con los conversores Lynx Aurora (n), Apogee DA y Mytek AD, que nos permite convertir una resoluci\u00f3n de hasta 24bit\/192kHz,<span style=\"color: #436eb3;\"> de jitter extremadamente bajo y una reproducci\u00f3n de graves inigualable. <\/span><br \/>\nLa calidez caracter\u00edstica del procesamiento anal\u00f3gico la logramos con nuestro preamplificador y mezclador valvular Manley 16\u00d72 customizado, que le agrega profundidad, punch y aire hasta las m\u00e1s simples producciones caseras, y con nuestro limitador\/compresor Manley SLAM! que conjuga una etapa valvular electro-\u00f3ptica (LA-2A) y otra FET (1176), lo mejor en limitaci\u00f3n.<br \/>\nContin\u00faa con la ecualizaci\u00f3n digital de fase lineal y procesamiento din\u00e1mico de 40 bits de resoluci\u00f3n dise\u00f1ado por Weiss, de Suiza,<span style=\"color: #436eb3;\"> de precisi\u00f3n asombrosa <\/span>a la hora de esculpir la respuesta de cualquier fuente.<br \/>\nGracias al procesador de recuperaci\u00f3n de ambiente de Bob Katz\/Digital Domain, podemos mejorar la profundidad y dimensi\u00f3n de las mezclas est\u00e9reo, haci\u00e9ndolas sonar mayores o m\u00e1s claramente, ajustando la relaci\u00f3n frente-profundidad de una grabaci\u00f3n y el rebalanceo Mid\/Side.<br \/>\nIgualmente impresionante, aunque diferente, es el HEDD 192 de Crane Song, que provee la capacidad de generar sonidos valvulares\/anal\u00f3gicos en el dominio digital.<br \/>\nPara el master a 16 bits\/44.1 Khz utilizamos Waves L2 Ultramaximizer, el limitador de doble precisi\u00f3n de 48 bits. Disponemos tambi\u00e9n, de diferentes procesadores de dithering y varios algoritmos como POW-R y UV-22 HR.<br \/>\nCon todos ellos, cualquier tarea puede ser realizada con la m\u00e1xima calidad y definici\u00f3n en el dominio digital, ruteados a trav\u00e9s del Z-Sys Detangler.<br \/>\nSabemos que el cableado es tambi\u00e9n un factor importante para lograr sonido de calidad. Utilizamos los mejores cables para se\u00f1ales anal\u00f3gicas y digitales, tales como Mogami, Monster Cable y tambi\u00e9n Canare.<\/p>\n<p><strong style=\"color: #436eb3;\">Monitoreo:<\/strong><br \/>\nLipinski L-707 &amp; L-50 Speakers<br \/>\nGenelec 7070A Subwoofer<br \/>\nBryston 9B SST Amplifier<br \/>\nAudient Oria Immersive Audio Interface &amp; Monitor Controller<br \/>\nDangerous Music Monitor<\/p>\n<p><strong style=\"color: #436eb3;\">Procesamiento:<\/strong><br \/>\nTC Electronic M6000 Mastering System<br \/>\nEventide H9000 Effects Platform<br \/>\nWeiss EQ1 Mk2 Dyn-LP Digital Equalizer<br \/>\nWeiss DS1 Mk3 Digital Compressor\/Limiter\/Deesser<br \/>\nWaves L2 Ultramaximizer Digital Limiter<br \/>\nDigital Domain DD-2K Ambience Processor<br \/>\nCrane Song HEDD192 Harmonically Enhanced Digital Processor<br \/>\nZ-Sys 32-32r Digital Detangler<br \/>\nManley 16\u00d72 Custom Pre &amp; Mixer<br \/>\nManley SLAM! Mastering Limiter<\/p>\n<p><strong style=\"color: #436eb3;\">Convertidores:<\/strong><br \/>\nLynx Aurora (n) 32-TB3 32-channel AD-DA Converters (x3)<br \/>\nTC Electronic ADA 24\/96 Surround Converter<br \/>\nMytek Stereo 192 ADConverter<br \/>\nMytek Stereo 192 SRConverter<br \/>\nApogee DA16X 16-ch 24\/192 Reference Converter<br \/>\nMOTU UltraLite mk4<br \/>\nRME Audio ADI-4 DD<\/p>\n<p><strong style=\"color: #436eb3;\">DAWs:<\/strong><br \/>\nMerging Technologies IWS con Mykerinos X-50 y Pyramix DAW Mastering Suit<br \/>\nApple Mac Studio M2 Max with Studio Display 27&#8243; 5K<br \/>\nApple iMac Retina 27\u2033 5K<br \/>\nCarillon Audio Sys AC-1 with RME AES-32<br \/>\nUniversal Audio UAD-1: 1176LN, LA-2A, Pultec EQP-1A, Fairchild 670, Cambridge EQ<br \/>\n42 TB NAS File Server<br \/>\n50&#8243; LCD Monitor<\/p>\n<p><strong style=\"color: #436eb3;\">Playback:<\/strong><br \/>\nTascam CC-222 CD Recorder<br \/>\nOppo BDP-1050 BluRay Player<\/p>\n<p><strong style=\"color: #436eb3;\">Metering:<\/strong><br \/>\nDorrough Custom Loudness Monitor w\/40-A2 &amp; 240-A<br \/>\nRME DIGIcheck Level Meter con K-System[\/vc_column_text][\/vc_column][vc_column width=&#8221;1\/6&#8243; text_alignment=&#8221;text-center&#8221; need_animation=&#8221;&#8221; css=&#8221;.vc_custom_1585096983204{padding-top: 10px !important;background-color: #e5e5e5 !important;}&#8221;][vc_single_image image=&#8221;3446&#8243; img_size=&#8221;full&#8221; alignment=&#8221;center&#8221;][\/vc_column][\/vc_row]<\/p>\n","protected":false},"excerpt":{"rendered":"[vc_row full_width=&#8221;stretch_row_content_no_spaces&#8221; overlay_dotted=&#8221;&#8221;][vc_column][vc_single_image image=&#8221;3367&#8243; img_size=&#8221;full&#8221;][\/vc_column][\/vc_row][vc_row][vc_column width=&#8221;2\/3&#8243;][vc_column_text] Estudio El estudio de mastering de\u00a0Steps Ahead Sound\u00a0ha sido dise\u00f1ado como un referente en materia de sonido y le ofrece el ambiente ac\u00fastico m\u00e1s puro posible.\u00a0Aqu\u00ed escuchar\u00e1 su m\u00fasica como nunca antes la hab\u00eda escuchado. Nuestro sistema de monitoreo de alta resoluci\u00f3n utiliza el mejor equipamiento en plaza: los [&#8230;]","protected":false},"author":1,"featured_media":0,"parent":0,"menu_order":0,"comment_status":"closed","ping_status":"closed","template":"","meta":{"footnotes":""},"class_list":["post-2593","page","type-page","status-publish","hentry"],"aioseo_notices":[],"_links":{"self":[{"href":"http:\/\/stepsahead.com.ar\/wp\/index.php?rest_route=\/wp\/v2\/pages\/2593","targetHints":{"allow":["GET"]}}],"collection":[{"href":"http:\/\/stepsahead.com.ar\/wp\/index.php?rest_route=\/wp\/v2\/pages"}],"about":[{"href":"http:\/\/stepsahead.com.ar\/wp\/index.php?rest_route=\/wp\/v2\/types\/page"}],"author":[{"embeddable":true,"href":"http:\/\/stepsahead.com.ar\/wp\/index.php?rest_route=\/wp\/v2\/users\/1"}],"replies":[{"embeddable":true,"href":"http:\/\/stepsahead.com.ar\/wp\/index.php?rest_route=%2Fwp%2Fv2%2Fcomments&post=2593"}],"version-history":[{"count":45,"href":"http:\/\/stepsahead.com.ar\/wp\/index.php?rest_route=\/wp\/v2\/pages\/2593\/revisions"}],"predecessor-version":[{"id":3760,"href":"http:\/\/stepsahead.com.ar\/wp\/index.php?rest_route=\/wp\/v2\/pages\/2593\/revisions\/3760"}],"wp:attachment":[{"href":"http:\/\/stepsahead.com.ar\/wp\/index.php?rest_route=%2Fwp%2Fv2%2Fmedia&parent=2593"}],"curies":[{"name":"wp","href":"https:\/\/api.w.org\/{rel}","templated":true}]}}