{"id":2597,"date":"2020-02-21T14:29:08","date_gmt":"2020-02-21T14:29:08","guid":{"rendered":"http:\/\/stepsahead.com.ar\/wp\/?page_id=2597"},"modified":"2025-11-11T20:43:48","modified_gmt":"2025-11-11T20:43:48","slug":"tarifa","status":"publish","type":"page","link":"http:\/\/stepsahead.com.ar\/wp\/?page_id=2597","title":{"rendered":"Tarifa"},"content":{"rendered":"<p>[vc_row full_width=&#8221;stretch_row_content_no_spaces&#8221; overlay_dotted=&#8221;&#8221;][vc_column][vc_single_image image=&#8221;3361&#8243; img_size=&#8221;full&#8221;][\/vc_column][\/vc_row][vc_row][vc_column][vc_column_text]<\/p>\n<h1>Tarifa<\/h1>\n<p>Nuestra tarifa es de <strong><span class=\"style1\"><span style=\"color: #209699;\">$ 98.000 por tema<\/span><\/span><\/strong>, incluyendo la revisi\u00f3n previa del material y DDP Master.<br \/>Los gastos de env\u00edo son adicionales, si los hubiere.<br \/><strong>Tenemos tarifa especial para las producciones independientes<\/strong>. Cons\u00faltenos.<\/p>\n\n<p class=\"style1\"><strong><span class=\"style2\"><span style=\"color: #209699;\">Mastering<\/span><\/span><\/strong><br \/>Como estimaci\u00f3n promedio, debe considerar una sesi\u00f3n de 10 horas de estudio para masterizar 10 temas, con una segunda de revisi\u00f3n y DDP.<\/p>\n<!-- \/wp:post-content -->\n<p class=\"style1\"><strong><span class=\"style2\"><span style=\"color: #209699;\">Reservas<\/span><\/span><\/strong><br \/>Solicitamos un dep\u00f3sito del 50% en el momento de la reserva.<\/p>\n<!-- \/wp:paragraph -->\n<p class=\"style1\"><strong><span class=\"style2\"><span style=\"color: #209699;\">Pago<\/span><\/span><\/strong><br \/>Deber\u00e1 ser completado antes de la sesi\u00f3n.<\/p>\n<!-- \/wp:paragraph -->\n<p>&nbsp;<\/p>\n<p>[\/vc_column_text][\/vc_column][\/vc_row]<\/p>\n","protected":false},"excerpt":{"rendered":"[vc_row full_width=&#8221;stretch_row_content_no_spaces&#8221; overlay_dotted=&#8221;&#8221;][vc_column][vc_single_image image=&#8221;3361&#8243; img_size=&#8221;full&#8221;][\/vc_column][\/vc_row][vc_row][vc_column][vc_column_text] Tarifa Nuestra tarifa es de $ 98.000 por tema, incluyendo la revisi\u00f3n previa del material y DDP Master.Los gastos de env\u00edo son adicionales, si los hubiere.Tenemos tarifa especial para las producciones independientes. Cons\u00faltenos. MasteringComo estimaci\u00f3n promedio, debe considerar una sesi\u00f3n de 10 horas de estudio para masterizar 10 temas, con [&#8230;]","protected":false},"author":1,"featured_media":0,"parent":0,"menu_order":0,"comment_status":"closed","ping_status":"closed","template":"","meta":{"footnotes":""},"class_list":["post-2597","page","type-page","status-publish","hentry"],"aioseo_notices":[],"_links":{"self":[{"href":"http:\/\/stepsahead.com.ar\/wp\/index.php?rest_route=\/wp\/v2\/pages\/2597","targetHints":{"allow":["GET"]}}],"collection":[{"href":"http:\/\/stepsahead.com.ar\/wp\/index.php?rest_route=\/wp\/v2\/pages"}],"about":[{"href":"http:\/\/stepsahead.com.ar\/wp\/index.php?rest_route=\/wp\/v2\/types\/page"}],"author":[{"embeddable":true,"href":"http:\/\/stepsahead.com.ar\/wp\/index.php?rest_route=\/wp\/v2\/users\/1"}],"replies":[{"embeddable":true,"href":"http:\/\/stepsahead.com.ar\/wp\/index.php?rest_route=%2Fwp%2Fv2%2Fcomments&post=2597"}],"version-history":[{"count":27,"href":"http:\/\/stepsahead.com.ar\/wp\/index.php?rest_route=\/wp\/v2\/pages\/2597\/revisions"}],"predecessor-version":[{"id":3783,"href":"http:\/\/stepsahead.com.ar\/wp\/index.php?rest_route=\/wp\/v2\/pages\/2597\/revisions\/3783"}],"wp:attachment":[{"href":"http:\/\/stepsahead.com.ar\/wp\/index.php?rest_route=%2Fwp%2Fv2%2Fmedia&parent=2597"}],"curies":[{"name":"wp","href":"https:\/\/api.w.org\/{rel}","templated":true}]}}