{"id":2603,"date":"2020-02-21T14:30:21","date_gmt":"2020-02-21T14:30:21","guid":{"rendered":"http:\/\/stepsahead.com.ar\/wp\/?page_id=2603"},"modified":"2020-03-09T15:45:08","modified_gmt":"2020-03-09T15:45:08","slug":"faq","status":"publish","type":"page","link":"http:\/\/stepsahead.com.ar\/wp\/?page_id=2603","title":{"rendered":"FAQ"},"content":{"rendered":"<p>[vc_row full_width=&#8221;stretch_row_content_no_spaces&#8221; overlay_dotted=&#8221;&#8221;][vc_column][vc_single_image image=&#8221;3365&#8243; img_size=&#8221;full&#8221;][\/vc_column][\/vc_row][vc_row][vc_column][vc_column_text]<\/p>\n<h1><strong>FAQ<\/strong><\/h1>\n<p><strong>PREPARANDO SU PROYECTO PARA MASTERING<\/strong><\/p>\n\n<p><strong>La sesi\u00f3n de mastering<\/strong><br \/>Estos comentarios le servir\u00e1n para obtener el mayor beneficio de la sesi\u00f3n en el menor tiempo posible.<br \/>El mastering es el \u00faltimo paso creativo y el primer paso t\u00e9cnico en el proceso de presentar su m\u00fasica a su audiencia. Muchos piensan que masterizar es tan s\u00f3lo procesar sonido (ecualizar, comprimir, limitar, etc.). Se trata, en cambio, de tener un o\u00eddo imparcial y experto escuchando su m\u00fasica en una sala, tratada ac\u00fasticamente, con monitores impecables. Este procesamiento de sonido se realizar\u00e1 para introducir los ajustes que fueran necesarios para mejorar la manera en que su m\u00fasica impactar\u00e1 a la audiencia, ya sea en t\u00e9rminos de cohesi\u00f3n o de reproducci\u00f3n, y as\u00ed obtener un sonido \u00f3ptimo a trav\u00e9s de la variedad de sistemas. <br \/>Pero el beneficio verdadero es la experiencia que aporta el ingeniero de mastering, quien le sugerir\u00e1 qu\u00e9 se puede hacer para maximizar el potencial de su m\u00fasica.<br \/>La mayor\u00eda de los proyectos de mastering toman 10 a 12 horas. Cada proyecto es diferente dependiendo de la cantidad de temas, ediciones y formatos. Si tiene una fecha l\u00edmite para desarrollarlo, por favor comun\u00edquelo y le daremos preferencia a su proyecto. <br \/>Le sugerimos, tambi\u00e9n, reservarse el tiempo necesario para escuchar el archivo de referencia que le enviamos luego de la sesi\u00f3n. Aseg\u00farese de que todo ha resultado tal como lo desea antes de mandar a producir el Master DDP.<\/p>\n\n<p><strong>\u00bfC\u00f3mo env\u00edo mi material para masterizar por Internet?<\/strong><br \/>Steps Ahead Sound recomienda WeTransfer para transferencia de archivos v\u00eda Internet, por medio del cual, usted puede enviar y recibir <strong>su material de audio de alta resoluci\u00f3n <\/strong> en forma r\u00e1pida y segura <strong>desde cualquier lugar del mundo <\/strong> y obtener as\u00ed, una respuesta inmediata.<\/p>\n<p><strong>\u00bfPodr\u00eda degradarse la calidad del audio enviado por Internet?<\/strong><br \/>El env\u00edo de archivos de audio por Internet en formatos sin compresi\u00f3n, como .wav, no tienen p\u00e9rdida de calidad. S\u00f3lo debe armar una carpeta con un .zip o .rar antes de enviarlo. De hecho, la mayor\u00eda de nuestros trabajos en el exterior se realizan as\u00ed, con excelente resultado.<\/p>\n<p><strong>Preparaci\u00f3n de los archivos a masterizar<\/strong><br \/>Mezclar en formato digital es lo habitual y todos los proyectos con los que trabajamos nos llegan en este formato. Pro Tools, Nuendo, Cubase y Digital Performer son los sistemas m\u00e1s comunes. Si est\u00e1 mezclando en una Digital Audio Workstation, existen formas muy simples de obtener el mejor resultado. En primer lugar, NO NORMALICE sus mezclas antes de enviarlas a masterizar. No queremos que la m\u00fasica pase por ning\u00fan proceso que pueda degradar la se\u00f1al, especialmente sobrecompresi\u00f3n o limitaci\u00f3n, ya que es muy dif\u00edcil volver atr\u00e1s. Siempre grabe en 24 bits, mientras le sea posible. Algunos clientes eligen, por seguridad, tener un disco externo y copiar all\u00ed sus mezclas, o todo el proyecto. Lo mejor es bajar las mezclas aprobadas a un pendrive de backup y nos env\u00eda esos archivos por WeTransfer. Esta buena idea es barata y m\u00e1s segura, ya que trabajamos sobre el archivo original y Ud conserva una copia de lo enviado en su pendrive y su disco original como backup.<br \/>Hemos comprobado que hacer un <em>bouncing <\/em>de la mezcla en <em>stems <\/em> puede acrecentar la calidad del sonido. M\u00e1s informaci\u00f3n hallar\u00e1 en la carpeta <a href=\"http:\/\/www.mastering.com.ar\/estudio-masterizacion-cd\/procesos-masterizacion.htm\">Filosof\u00eda<\/a> de trabajo. Cons\u00faltenos por sus beneficios.<\/p>\n<p><strong>Formato y Sampling Rate<\/strong><br \/>Haga sus <em>bounces<\/em> en <strong>24-bit<\/strong> <strong>Interleaved<\/strong> <strong>stereo WAV y en el sampling rate que haya trabajado su proyecto<\/strong> (<strong>44.1<\/strong>, <strong>48<\/strong>, etc). Es preferible Interleaved sobre split mono, porque nos facilita el armado del proyecto y garantiza el sincronismo stereo o multichannel. Si tuviera algun formato que no hemos previsto, h\u00e1ganos saber una par de d\u00edas antes de la sesi\u00f3n.<br \/>Aceptamos mixmasters digitales de hasta 24 bits y 96kHz. Tan solo recuerde que mientras m\u00e1s alto sea el sampling rate, utilizar\u00e1 m\u00e1s espacio de almacenamiento.<br \/>Los archivos de 16 bits son aceptables. Pero aseg\u00farese de enviar siempre, archivos de datos y no de audio (ya que si graba sus archivos de alta resoluci\u00f3n como audio, truncar\u00e1 los \u00faltimos ocho bits de sus mezclas).<\/p>\n\n<p><strong>\u00bfDebo comprimir mis mezclas?<\/strong><br \/>Para enviar a masterizar,<strong> NO<\/strong>. Para referencia de su mezcla, s\u00ed. La compresi\u00f3n de la mezcla puede cambiar radicalmente el balance instrumental de la m\u00fasica por lo que recomendamos un uso prudente de la compresi\u00f3n, chequeando los resultados en distintos ambientes con diferentes niveles hasta que est\u00e9 seguro de su beneficio. Imprima versiones comprimidas para referencia que le pueden dar una idea de c\u00f3mo quedar\u00e1 una vez masterizado. Pero <strong>para enviar a masterizar h\u00e1galo SIN comprimir!<\/strong> Y recuerde que el ingeniero de mastering esta all\u00ed para pulir, no para rehacer sus mezclas.<\/p>\n\n<p><strong>\u00bfDebo limitar (L2, L3&#8230;) antes de enviarles mi MixMaster?<\/strong><br \/>Por favor NO lo haga! Limitar debe ser uno de los \u00faltimos pasos reservados al proceso de mastering. Nosotros poseemos las herramientas necesarias para que sus mezclas suenen todo lo fuerte que desee. Esto es algo de lo cual Ud no debe preocuparse mientras mezcla. Si tiene razones de est\u00e9tica para hacerlo, adelante. Pero si lo que desea es evitar <em>overs <\/em> mientras mezcla, no es necesario usar limitadores \u00a1es mejor bajar los faders!!! \ud83d\ude09<\/p>\n<p><strong>\u00bfEn qu\u00e9 nivel de grabaci\u00f3n deber\u00eda imprimir mi mezcla digital?<\/strong><br \/>La grabaci\u00f3n digital proporciona un piso de ruido tan bajo que no necesitamos preocuparnos m\u00e1s al respecto. No obstante, tome <strong>-6<\/strong> dBfs como referencia. D\u00e9 a sus mezclas espacio para respirar y se sorprender\u00e1 de cu\u00e1nto mejor suenan al ser masterizadas.<\/p>\n<p><strong>Documentaci\u00f3n<\/strong><br \/>Invierta el tiempo necesario en la preparaci\u00f3n, asegur\u00e1ndose de organizar todas sus ideas con antelaci\u00f3n y de que todas las mezclas est\u00e9n correctamente nominadas. Es muy \u00fatil tener el orden de la secuencia de temas y los tiempos de pausa entre ellos. Por favor, sea lo m\u00e1s espec\u00edfico posible con sus MixMasters al no estar presente en la sesi\u00f3n. Si tuviera m\u00e1s de una versi\u00f3n, anote claramente en qu\u00e9 se diferencian y cu\u00e1l es el MixMaster final elegido. Por ejemplo: &#8220;Mar\u00eda en el campo&#8221; Mix #2 voc up, Gtr solo +1db. Las notas son imprescindibles ya que es posible que no masterice su disco hasta unos meses despu\u00e9s de haber sido grabado y puede que olvide qu\u00e9 es diferente entre el Mix #1 y el #2, o por qu\u00e9 lo eligi\u00f3. Incluya cualquier nota relativa a ediciones especiales o <em>crossfades.<\/em> Comun\u00edquenos la mayor cantidad de informaci\u00f3n posible. El tiempo que emplee antes de la sesi\u00f3n, la har\u00e1 m\u00e1s llevadera y tambi\u00e9n le ahorrar\u00e1 tiempo de estudio.<\/p>\n\n<p><strong>\u00bfEs necesario que est\u00e9 presente en la sesi\u00f3n?<\/strong><br \/>No es necesario. Las sesiones presenciadas generalmente toman m\u00e1s tiempo.<\/p>\n\n<p><strong>\u00bfQu\u00e9 obtengo del mastering?<\/strong><br \/>Le enviamos un archivo de referencia para que Ud apruebe, antes de grabar el Master DDP definitivo. Queremos asegurarnos su conformidad con el desarrollo del proyecto por lo que si fuera necesario alg\u00fan ajuste, tomaremos nota de sus indicaciones y volveremos a enviar un nuevo archivo de referencia. Luego de aprobado, se graba el Master DDP y su Copia de Seguridad.<\/p>\n\n<p><strong>\u00bfQu\u00e9 es un archivo de referencia y en qu\u00e9 se diferencia del Master?<\/strong><br \/>El archivo de referencia es el que nosotros grabamos al finalizar la sesi\u00f3n de mastering para que Ud escuche donde lo desee. Le recomendamos que lo haga en los diferentes ambientes que le son familiares, tales como su casa, su auto, su estudio o su computadora. A menos que se introduzcan cambios, \u00e9ste suena exactamente igual que el Master DDP final. El Master DDP se graba similarmente al archivo de referencia, pero est\u00e1 sujeto a varias etapas de control que garantizan que es un clon del archivo de referencia aprobado.<\/p>\n\n<p>\u00bfM\u00e1s dudas? Por favor, cons\u00faltenos.<\/p>\n\n<p>&nbsp;<\/p>\n<p>[\/vc_column_text][\/vc_column][\/vc_row]<\/p>\n","protected":false},"excerpt":{"rendered":"[vc_row full_width=&#8221;stretch_row_content_no_spaces&#8221; overlay_dotted=&#8221;&#8221;][vc_column][vc_single_image image=&#8221;3365&#8243; img_size=&#8221;full&#8221;][\/vc_column][\/vc_row][vc_row][vc_column][vc_column_text] FAQ PREPARANDO SU PROYECTO PARA MASTERING La sesi\u00f3n de masteringEstos comentarios le servir\u00e1n para obtener el mayor beneficio de la sesi\u00f3n en el menor tiempo posible.El mastering es el \u00faltimo paso creativo y el primer paso t\u00e9cnico en el proceso de presentar su m\u00fasica a su audiencia. Muchos piensan que [&#8230;]","protected":false},"author":1,"featured_media":0,"parent":0,"menu_order":0,"comment_status":"closed","ping_status":"closed","template":"","meta":{"footnotes":""},"class_list":["post-2603","page","type-page","status-publish","hentry"],"aioseo_notices":[],"_links":{"self":[{"href":"http:\/\/stepsahead.com.ar\/wp\/index.php?rest_route=\/wp\/v2\/pages\/2603","targetHints":{"allow":["GET"]}}],"collection":[{"href":"http:\/\/stepsahead.com.ar\/wp\/index.php?rest_route=\/wp\/v2\/pages"}],"about":[{"href":"http:\/\/stepsahead.com.ar\/wp\/index.php?rest_route=\/wp\/v2\/types\/page"}],"author":[{"embeddable":true,"href":"http:\/\/stepsahead.com.ar\/wp\/index.php?rest_route=\/wp\/v2\/users\/1"}],"replies":[{"embeddable":true,"href":"http:\/\/stepsahead.com.ar\/wp\/index.php?rest_route=%2Fwp%2Fv2%2Fcomments&post=2603"}],"version-history":[{"count":13,"href":"http:\/\/stepsahead.com.ar\/wp\/index.php?rest_route=\/wp\/v2\/pages\/2603\/revisions"}],"predecessor-version":[{"id":3576,"href":"http:\/\/stepsahead.com.ar\/wp\/index.php?rest_route=\/wp\/v2\/pages\/2603\/revisions\/3576"}],"wp:attachment":[{"href":"http:\/\/stepsahead.com.ar\/wp\/index.php?rest_route=%2Fwp%2Fv2%2Fmedia&parent=2603"}],"curies":[{"name":"wp","href":"https:\/\/api.w.org\/{rel}","templated":true}]}}