{"id":3483,"date":"2020-03-08T22:32:19","date_gmt":"2020-03-08T22:32:19","guid":{"rendered":"http:\/\/stepsahead.com.ar\/wp\/?page_id=3483"},"modified":"2020-03-24T04:03:10","modified_gmt":"2020-03-24T04:03:10","slug":"personal","status":"publish","type":"page","link":"http:\/\/stepsahead.com.ar\/wp\/?page_id=3483","title":{"rendered":"Personal"},"content":{"rendered":"<p>[vc_row full_width=&#8221;stretch_row_content_no_spaces&#8221; overlay_dotted=&#8221;&#8221;][vc_column][vc_single_image image=&#8221;3378&#8243; img_size=&#8221;full&#8221;][\/vc_column][\/vc_row][vc_row][vc_column text_alignment=&#8221;text-left&#8221; need_animation=&#8221;&#8221;][vc_column_text]<\/p>\n<h1><strong>Ingenieros<\/strong><\/h1>\n<h4><span class=\"style1\"><span class=\"style2\"><span style=\"color: #c66740;\"><strong>GUSTAVO FOURCADE<\/strong>,<\/span> Ingeniero de Mastering y fundador.<\/span><\/span><\/h4>\n<p><span class=\"style1\"><span class=\"style2\">Curs\u00f3 <em>e<\/em>studios de Ingenier\u00eda Electr\u00f3nica en la Universidad Nacional de C\u00f3rdoba y Tecnolog\u00eda Musical en EMC- Berklee College of Music. Con m\u00e1s de 20 a\u00f1os en la industria de retail como CTO y en paralelo como ingeniero de sonido, Gustavo nos aporta su extenso background y o\u00eddo musical, combinado con sus a\u00f1os de experiencia en manejo de proyectos y tecnolog\u00eda digital. Ha realizado grabaciones ac\u00fasticas en diversos \u00e1mbitos, tales como el Teatro Col\u00f3n de Buenos Aires, y es un determinado en obtener \u201cese\u201d sonido de alta calidad en sus proyectos de mastering. \u201cEstamos siempre buscando formas de perfeccionar los procesos y el producto final, y de que todo sea en un ambiente agradable, creativo y divertido\u201d.<\/p>\n<p><\/span><\/span><\/p>\n<p>&nbsp;[\/vc_column_text][\/vc_column][\/vc_row]<\/p>\n","protected":false},"excerpt":{"rendered":"[vc_row full_width=&#8221;stretch_row_content_no_spaces&#8221; overlay_dotted=&#8221;&#8221;][vc_column][vc_single_image image=&#8221;3378&#8243; img_size=&#8221;full&#8221;][\/vc_column][\/vc_row][vc_row][vc_column text_alignment=&#8221;text-left&#8221; need_animation=&#8221;&#8221;][vc_column_text] Ingenieros GUSTAVO FOURCADE, Ingeniero de Mastering y fundador. Curs\u00f3 estudios de Ingenier\u00eda Electr\u00f3nica en la Universidad Nacional de C\u00f3rdoba y Tecnolog\u00eda Musical en EMC- Berklee College of Music. Con m\u00e1s de 20 a\u00f1os en la industria de retail como CTO y en paralelo como ingeniero de sonido, Gustavo [&#8230;]","protected":false},"author":1,"featured_media":0,"parent":0,"menu_order":0,"comment_status":"closed","ping_status":"closed","template":"","meta":{"footnotes":""},"class_list":["post-3483","page","type-page","status-publish","hentry"],"aioseo_notices":[],"_links":{"self":[{"href":"http:\/\/stepsahead.com.ar\/wp\/index.php?rest_route=\/wp\/v2\/pages\/3483","targetHints":{"allow":["GET"]}}],"collection":[{"href":"http:\/\/stepsahead.com.ar\/wp\/index.php?rest_route=\/wp\/v2\/pages"}],"about":[{"href":"http:\/\/stepsahead.com.ar\/wp\/index.php?rest_route=\/wp\/v2\/types\/page"}],"author":[{"embeddable":true,"href":"http:\/\/stepsahead.com.ar\/wp\/index.php?rest_route=\/wp\/v2\/users\/1"}],"replies":[{"embeddable":true,"href":"http:\/\/stepsahead.com.ar\/wp\/index.php?rest_route=%2Fwp%2Fv2%2Fcomments&post=3483"}],"version-history":[{"count":14,"href":"http:\/\/stepsahead.com.ar\/wp\/index.php?rest_route=\/wp\/v2\/pages\/3483\/revisions"}],"predecessor-version":[{"id":3664,"href":"http:\/\/stepsahead.com.ar\/wp\/index.php?rest_route=\/wp\/v2\/pages\/3483\/revisions\/3664"}],"wp:attachment":[{"href":"http:\/\/stepsahead.com.ar\/wp\/index.php?rest_route=%2Fwp%2Fv2%2Fmedia&parent=3483"}],"curies":[{"name":"wp","href":"https:\/\/api.w.org\/{rel}","templated":true}]}}