{"id":656,"date":"2018-03-09T05:06:16","date_gmt":"2018-03-09T05:06:16","guid":{"rendered":"https:\/\/victorthemes.com\/themes\/fraxos\/?page_id=656"},"modified":"2025-06-18T04:18:45","modified_gmt":"2025-06-18T04:18:45","slug":"home-version-one","status":"publish","type":"page","link":"http:\/\/stepsahead.com.ar\/wp\/","title":{"rendered":"Home Version One"},"content":{"rendered":"<p>[vc_row full_width=&#8221;stretch_row_content_no_spaces&#8221; overlay_dotted=&#8221;&#8221;][vc_column text_alignment=&#8221;text-left&#8221; need_animation=&#8221;&#8221;]<div class=\"frxo-banner frxo-parallax  fraxos-banner-69dcb2d54ac1b\" style=\"background-image: url(http:\/\/stepsahead.com.ar\/wp\/wp-content\/uploads\/2020\/02\/bigstudio1a.jpg);\"><div class=\"frxo-overlay-pattern\"><\/div><div class=\"banner-caption-wrap\">\n        <div class=\"frxo-table-wrap\">\n          <div class=\"frxo-align-wrap\">\n            <div class=\"container\">\n              <div class=\"banner-caption  right\">\n                <h1 class=\"banner-caption-title\"><p><span class=\"word-highlight  frxo-highlight-word-69dcb2d54abdf-steps-ahead-sound\">Steps Ahead Sound<\/span><br \/>\nMastering on line<br \/>\n<span class=\"word-highlight  frxo-highlight-word-69dcb2d54ac0e-estudio-de-primer-nivel-en-argentina\">Estudio de primer nivel en Argentina<\/span><\/p>\n<\/h1><h3 class=\"banner-caption-subtitle\">No dude en llamarnos al <strong>+54 (911) 4412-9288<\/strong> o en escribirnos a <strong>gdfourcade@gmail.com<\/strong> por cualquier consulta.<\/h3>\n              <\/div>\n            <\/div>\n          <\/div>\n        <\/div>\n      <\/div>\n    <\/div>[\/vc_column][\/vc_row][vc_row gap=&#8221;20&#8243; overlay_dotted=&#8221;&#8221; css=&#8221;.vc_custom_1582293696326{padding-top: 30px !important;}&#8221;][vc_column width=&#8221;1\/2&#8243; need_animation=&#8221;&#8221;][vc_column_text]<strong>Steps Ahead Sound<\/strong>\u00a0es un\u00a0<strong>estudio de mastering<\/strong>\u00a0de primer nivel localizado en Argentina.<\/p>\n<p>Con su selecto equipo de\u00a0<strong>ingenieros<\/strong>\u00a0y la\u00a0<strong>\u00faltima tecnolog\u00eda digital<\/strong>\u00a0en<strong> HD,\u00a0<\/strong>le ofrece la mejor calidad de\u00a0<strong>sonido anal\u00f3gico<\/strong>\u00a0y\u00a0<strong>experiencia<\/strong>\u00a0en sus proyectos de\u00a0<strong>audio<\/strong>\u00a0<strong>mastering\u00a0<\/strong>para<strong> downloading &amp; streaming<\/strong>\u00a0en\u00a0<strong>HD<\/strong> y<strong>\u00a0vinilo<\/strong>.<\/p>\n<p>Dise\u00f1ado con los m\u00e1s altos est\u00e1ndares de calidad, nuestro\u00a0<strong>exclusivo estudio<\/strong>\u00a0nos permite garantizarle que el sonido que Ud escucha se recrear\u00e1 perfectamente en todos los ambientes. Como<strong>\u00a0ingenieros de mastering<\/strong>, \u201creunimos el arte de la m\u00fasica con la ciencia del sonido\u201d (B.Katz), ofreciendo a nuestros clientes la mejor calidad y servicio, asisti\u00e9ndolos a trav\u00e9s de la fase final de su proyecto con\u00a0<strong>dedicaci\u00f3n<\/strong>\u00a0y\u00a0<strong>experiencia<\/strong>.<\/p>\n<p>Recorra nuestro sitio y compruebe porqu\u00e9 Steps Ahead Sound es el lugar perfecto para la producci\u00f3n de sus proyectos. No dude en llamarnos al <strong>+54 (911) 4412-9288<\/strong> o en escribirnos a <strong><a href=\"mailto:gdfourcade@gmail.com\">gdfourcade@gmail.com<\/a><\/strong>. Con gusto contestaremos todas sus preguntas.[\/vc_column_text][\/vc_column][vc_column width=&#8221;1\/2&#8243;][vc_single_image image=&#8221;2583&#8243; img_size=&#8221;full&#8221;][\/vc_column][\/vc_row]<\/p>\n","protected":false},"excerpt":{"rendered":"[vc_row full_width=&#8221;stretch_row_content_no_spaces&#8221; overlay_dotted=&#8221;&#8221;][vc_column text_alignment=&#8221;text-left&#8221; need_animation=&#8221;&#8221;][\/vc_column][\/vc_row][vc_row gap=&#8221;20&#8243; overlay_dotted=&#8221;&#8221; css=&#8221;.vc_custom_1582293696326{padding-top: 30px !important;}&#8221;][vc_column width=&#8221;1\/2&#8243; need_animation=&#8221;&#8221;][vc_column_text]Steps Ahead Sound\u00a0es un\u00a0estudio de mastering\u00a0de primer nivel localizado en Argentina. Con su selecto equipo de\u00a0ingenieros\u00a0y la\u00a0\u00faltima tecnolog\u00eda digital\u00a0en HD,\u00a0le ofrece la mejor calidad de\u00a0sonido anal\u00f3gico\u00a0y\u00a0experiencia\u00a0en sus proyectos de\u00a0audio\u00a0mastering\u00a0para downloading &amp; streaming\u00a0en\u00a0HD y\u00a0vinilo. Dise\u00f1ado con los m\u00e1s altos est\u00e1ndares de calidad, nuestro\u00a0exclusivo estudio\u00a0nos permite [&#8230;]","protected":false},"author":1,"featured_media":0,"parent":0,"menu_order":0,"comment_status":"closed","ping_status":"closed","template":"","meta":{"footnotes":""},"class_list":["post-656","page","type-page","status-publish","hentry"],"aioseo_notices":[],"_links":{"self":[{"href":"http:\/\/stepsahead.com.ar\/wp\/index.php?rest_route=\/wp\/v2\/pages\/656","targetHints":{"allow":["GET"]}}],"collection":[{"href":"http:\/\/stepsahead.com.ar\/wp\/index.php?rest_route=\/wp\/v2\/pages"}],"about":[{"href":"http:\/\/stepsahead.com.ar\/wp\/index.php?rest_route=\/wp\/v2\/types\/page"}],"author":[{"embeddable":true,"href":"http:\/\/stepsahead.com.ar\/wp\/index.php?rest_route=\/wp\/v2\/users\/1"}],"replies":[{"embeddable":true,"href":"http:\/\/stepsahead.com.ar\/wp\/index.php?rest_route=%2Fwp%2Fv2%2Fcomments&post=656"}],"version-history":[{"count":73,"href":"http:\/\/stepsahead.com.ar\/wp\/index.php?rest_route=\/wp\/v2\/pages\/656\/revisions"}],"predecessor-version":[{"id":3780,"href":"http:\/\/stepsahead.com.ar\/wp\/index.php?rest_route=\/wp\/v2\/pages\/656\/revisions\/3780"}],"wp:attachment":[{"href":"http:\/\/stepsahead.com.ar\/wp\/index.php?rest_route=%2Fwp%2Fv2%2Fmedia&parent=656"}],"curies":[{"name":"wp","href":"https:\/\/api.w.org\/{rel}","templated":true}]}}